{"id":662,"date":"2023-07-24T12:19:13","date_gmt":"2023-07-24T12:19:13","guid":{"rendered":"https:\/\/altlife.lt\/?page_id=662"},"modified":"2023-08-23T07:26:39","modified_gmt":"2023-08-23T07:26:39","slug":"apie-mus","status":"publish","type":"page","link":"https:\/\/altlife.lt\/en\/apie-mus\/","title":{"rendered":"About us"},"content":{"rendered":"<div data-elementor-type=\"wp-page\" data-elementor-id=\"662\" class=\"elementor elementor-662\">\n\t\t\t\t\t\t<section class=\"elementor-section elementor-top-section elementor-element elementor-element-1a2f331 elementor-section-boxed elementor-section-height-default elementor-section-height-default\" data-id=\"1a2f331\" data-element_type=\"section\" data-e-type=\"section\">\n\t\t\t\t\t\t<div class=\"elementor-container elementor-column-gap-default\">\n\t\t\t\t\t<div class=\"elementor-column elementor-col-100 elementor-top-column elementor-element elementor-element-31641df\" data-id=\"31641df\" data-element_type=\"column\" data-e-type=\"column\">\n\t\t\t<div class=\"elementor-widget-wrap elementor-element-populated\">\n\t\t\t\t\t\t<div class=\"elementor-element elementor-element-9006a57 elementor-widget elementor-widget-heading\" data-id=\"9006a57\" data-element_type=\"widget\" data-e-type=\"widget\" data-settings=\"{&quot;_animation&quot;:&quot;none&quot;,&quot;_animation_delay&quot;:200}\" data-widget_type=\"heading.default\">\n\t\t\t\t<div class=\"elementor-widget-container\">\n\t\t\t\t\t<h2 class=\"elementor-heading-title elementor-size-default\">About us<\/h2>\t\t\t\t<\/div>\n\t\t\t\t<\/div>\n\t\t\t\t\t<\/div>\n\t\t<\/div>\n\t\t\t\t\t<\/div>\n\t\t<\/section>\n\t\t\t\t<section class=\"elementor-section elementor-top-section elementor-element elementor-element-8e5bbc2 elementor-section-boxed elementor-section-height-default elementor-section-height-default elementor-invisible\" data-id=\"8e5bbc2\" data-element_type=\"section\" data-e-type=\"section\" data-settings=\"{&quot;animation&quot;:&quot;fadeInUpShorter&quot;,&quot;animation_delay&quot;:600}\">\n\t\t\t\t\t\t<div class=\"elementor-container elementor-column-gap-wider\">\n\t\t\t\t\t<div class=\"elementor-column elementor-col-50 elementor-top-column elementor-element elementor-element-1496925\" data-id=\"1496925\" data-element_type=\"column\" data-e-type=\"column\">\n\t\t\t<div class=\"elementor-widget-wrap elementor-element-populated\">\n\t\t\t\t\t\t<div class=\"elementor-element elementor-element-79d338b elementor-widget elementor-widget-image\" data-id=\"79d338b\" data-element_type=\"widget\" data-e-type=\"widget\" data-widget_type=\"image.default\">\n\t\t\t\t<div class=\"elementor-widget-container\">\n\t\t\t\t\t\t\t\t\t\t\t\t\t\t\t<img fetchpriority=\"high\" decoding=\"async\" width=\"1024\" height=\"767\" src=\"https:\/\/altlife.lt\/wp-content\/uploads\/2023\/08\/komarov-egor-qy8cnMTeXzg-unsplash-1024x767.jpg\" class=\"attachment-large size-large wp-image-1013\" alt=\"\" srcset=\"https:\/\/altlife.lt\/wp-content\/uploads\/2023\/08\/komarov-egor-qy8cnMTeXzg-unsplash-1024x767.jpg 1024w, https:\/\/altlife.lt\/wp-content\/uploads\/2023\/08\/komarov-egor-qy8cnMTeXzg-unsplash-300x225.jpg 300w, https:\/\/altlife.lt\/wp-content\/uploads\/2023\/08\/komarov-egor-qy8cnMTeXzg-unsplash-768x575.jpg 768w, https:\/\/altlife.lt\/wp-content\/uploads\/2023\/08\/komarov-egor-qy8cnMTeXzg-unsplash-16x12.jpg 16w, https:\/\/altlife.lt\/wp-content\/uploads\/2023\/08\/komarov-egor-qy8cnMTeXzg-unsplash-1140x854.jpg 1140w, https:\/\/altlife.lt\/wp-content\/uploads\/2023\/08\/komarov-egor-qy8cnMTeXzg-unsplash-920x689.jpg 920w, https:\/\/altlife.lt\/wp-content\/uploads\/2023\/08\/komarov-egor-qy8cnMTeXzg-unsplash-575x431.jpg 575w, https:\/\/altlife.lt\/wp-content\/uploads\/2023\/08\/komarov-egor-qy8cnMTeXzg-unsplash-380x285.jpg 380w, https:\/\/altlife.lt\/wp-content\/uploads\/2023\/08\/komarov-egor-qy8cnMTeXzg-unsplash-420x315.jpg 420w, https:\/\/altlife.lt\/wp-content\/uploads\/2023\/08\/komarov-egor-qy8cnMTeXzg-unsplash-800x599.jpg 800w, https:\/\/altlife.lt\/wp-content\/uploads\/2023\/08\/komarov-egor-qy8cnMTeXzg-unsplash.jpg 1490w\" sizes=\"(max-width: 1024px) 100vw, 1024px\" \/>\t\t\t\t\t\t\t\t\t\t\t\t\t\t\t<\/div>\n\t\t\t\t<\/div>\n\t\t\t\t\t<\/div>\n\t\t<\/div>\n\t\t\t\t<div class=\"elementor-column elementor-col-50 elementor-top-column elementor-element elementor-element-7b216ff\" data-id=\"7b216ff\" data-element_type=\"column\" data-e-type=\"column\">\n\t\t\t<div class=\"elementor-widget-wrap elementor-element-populated\">\n\t\t\t\t\t\t<div class=\"elementor-element elementor-element-ce92dc7 elementor-widget elementor-widget-heading\" data-id=\"ce92dc7\" data-element_type=\"widget\" data-e-type=\"widget\" data-widget_type=\"heading.default\">\n\t\t\t\t<div class=\"elementor-widget-container\">\n\t\t\t\t\t<h2 class=\"elementor-heading-title elementor-size-default\">Who are we?<\/h2>\t\t\t\t<\/div>\n\t\t\t\t<\/div>\n\t\t\t\t<div class=\"elementor-element elementor-element-4a3cddd elementor-widget elementor-widget-text-editor\" data-id=\"4a3cddd\" data-element_type=\"widget\" data-e-type=\"widget\" data-widget_type=\"text-editor.default\">\n\t\t\t\t<div class=\"elementor-widget-container\">\n\t\t\t\t\t\t\t\t\t<div dir=\"auto\">ALTLIFE.LT is a new online store that started its operations in Lithuania, dedicated to purchasing high-quality food supplements for sports, diet and healthy lifestyle. Choose products for home interior, garden and leisure. You will also find a large assortment of various beauty products.<\/div><div dir=\"auto\">\u00a0<\/div>\t\t\t\t\t\t\t\t<\/div>\n\t\t\t\t<\/div>\n\t\t\t\t<div class=\"elementor-element elementor-element-faed722 elementor-widget-divider--view-line elementor-widget elementor-widget-divider\" data-id=\"faed722\" data-element_type=\"widget\" data-e-type=\"widget\" data-widget_type=\"divider.default\">\n\t\t\t\t<div class=\"elementor-widget-container\">\n\t\t\t\t\t\t\t<div class=\"elementor-divider\">\n\t\t\t<span class=\"elementor-divider-separator\">\n\t\t\t\t\t\t<\/span>\n\t\t<\/div>\n\t\t\t\t\t\t<\/div>\n\t\t\t\t<\/div>\n\t\t\t\t<div class=\"elementor-element elementor-element-2b2e8da elementor-widget elementor-widget-heading\" data-id=\"2b2e8da\" data-element_type=\"widget\" data-e-type=\"widget\" data-widget_type=\"heading.default\">\n\t\t\t\t<div class=\"elementor-widget-container\">\n\t\t\t\t\t<h2 class=\"elementor-heading-title elementor-size-default\">Our mission<\/h2>\t\t\t\t<\/div>\n\t\t\t\t<\/div>\n\t\t\t\t<div class=\"elementor-element elementor-element-4ecaa08 elementor-widget elementor-widget-text-editor\" data-id=\"4ecaa08\" data-element_type=\"widget\" data-e-type=\"widget\" data-widget_type=\"text-editor.default\">\n\t\t\t\t<div class=\"elementor-widget-container\">\n\t\t\t\t\t\t\t\t\t<div dir=\"auto\">To ensure fast, smooth and convenient customer shopping by constantly improving all elements of the electronic store: starting with the expansion of the assortment and the quality of goods, and ending with the variety of payment methods, the most convenient delivery and collection.<\/div><div dir=\"auto\">\u00a0<\/div>\t\t\t\t\t\t\t\t<\/div>\n\t\t\t\t<\/div>\n\t\t\t\t\t<\/div>\n\t\t<\/div>\n\t\t\t\t\t<\/div>\n\t\t<\/section>\n\t\t\t\t<\/div>","protected":false},"excerpt":{"rendered":"<p>Apie mus Kas mes esame? ALTLIFE.LT &#8211; nauja, savo veikl\u0105 Lietuvoje prad\u0117jusi elektronin\u0117 parduotuv\u0117, skirta \u012fsigyti kokybi\u0161kus maisto papildus sportui, dietai ir sveikai gyvensenai. I\u0161sirinkti nam\u0173 interjerui, sodui ir laisvalaikiui [&hellip;]<\/p>\n","protected":false},"author":1,"featured_media":0,"parent":0,"menu_order":0,"comment_status":"closed","ping_status":"closed","template":"","meta":{"footnotes":""},"class_list":["post-662","page","type-page","status-publish","hentry"],"_links":{"self":[{"href":"https:\/\/altlife.lt\/en\/wp-json\/wp\/v2\/pages\/662","targetHints":{"allow":["GET"]}}],"collection":[{"href":"https:\/\/altlife.lt\/en\/wp-json\/wp\/v2\/pages"}],"about":[{"href":"https:\/\/altlife.lt\/en\/wp-json\/wp\/v2\/types\/page"}],"author":[{"embeddable":true,"href":"https:\/\/altlife.lt\/en\/wp-json\/wp\/v2\/users\/1"}],"replies":[{"embeddable":true,"href":"https:\/\/altlife.lt\/en\/wp-json\/wp\/v2\/comments?post=662"}],"version-history":[{"count":29,"href":"https:\/\/altlife.lt\/en\/wp-json\/wp\/v2\/pages\/662\/revisions"}],"predecessor-version":[{"id":1348,"href":"https:\/\/altlife.lt\/en\/wp-json\/wp\/v2\/pages\/662\/revisions\/1348"}],"wp:attachment":[{"href":"https:\/\/altlife.lt\/en\/wp-json\/wp\/v2\/media?parent=662"}],"curies":[{"name":"wp","href":"https:\/\/api.w.org\/{rel}","templated":true}]}}