{"id":655,"date":"2023-07-24T12:17:44","date_gmt":"2023-07-24T12:17:44","guid":{"rendered":"https:\/\/altlife.lt\/?page_id=655"},"modified":"2023-08-23T07:55:48","modified_gmt":"2023-08-23T07:55:48","slug":"grazinimas","status":"publish","type":"page","link":"https:\/\/altlife.lt\/en\/grazinimas\/","title":{"rendered":"Return"},"content":{"rendered":"<div data-elementor-type=\"wp-page\" data-elementor-id=\"655\" class=\"elementor elementor-655\">\n\t\t\t\t\t\t<section class=\"elementor-section elementor-top-section elementor-element elementor-element-2c42df1 elementor-section-boxed elementor-section-height-default elementor-section-height-default\" data-id=\"2c42df1\" data-element_type=\"section\" data-e-type=\"section\">\n\t\t\t\t\t\t<div class=\"elementor-container elementor-column-gap-default\">\n\t\t\t\t\t<div class=\"elementor-column elementor-col-100 elementor-top-column elementor-element elementor-element-ef102e1\" data-id=\"ef102e1\" data-element_type=\"column\" data-e-type=\"column\">\n\t\t\t<div class=\"elementor-widget-wrap elementor-element-populated\">\n\t\t\t\t\t\t<div class=\"elementor-element elementor-element-99a8c2b elementor-widget elementor-widget-heading\" data-id=\"99a8c2b\" data-element_type=\"widget\" data-e-type=\"widget\" data-settings=\"{&quot;_animation&quot;:&quot;none&quot;,&quot;_animation_delay&quot;:200}\" data-widget_type=\"heading.default\">\n\t\t\t\t<div class=\"elementor-widget-container\">\n\t\t\t\t\t<h2 class=\"elementor-heading-title elementor-size-default\">Return conditions<\/h2>\t\t\t\t<\/div>\n\t\t\t\t<\/div>\n\t\t\t\t\t<\/div>\n\t\t<\/div>\n\t\t\t\t\t<\/div>\n\t\t<\/section>\n\t\t\t\t<section class=\"elementor-section elementor-top-section elementor-element elementor-element-118c527 elementor-section-stretched elementor-section-boxed elementor-section-height-default elementor-section-height-default elementor-invisible\" data-id=\"118c527\" data-element_type=\"section\" data-e-type=\"section\" data-settings=\"{&quot;animation&quot;:&quot;fadeInUpShorter&quot;,&quot;animation_delay&quot;:600,&quot;stretch_section&quot;:&quot;section-stretched&quot;}\">\n\t\t\t\t\t\t<div class=\"elementor-container elementor-column-gap-wider\">\n\t\t\t\t\t<div class=\"elementor-column elementor-col-100 elementor-top-column elementor-element elementor-element-2f932b1\" data-id=\"2f932b1\" data-element_type=\"column\" data-e-type=\"column\">\n\t\t\t<div class=\"elementor-widget-wrap elementor-element-populated\">\n\t\t\t\t\t\t<div class=\"elementor-element elementor-element-6a71806 elementor-widget elementor-widget-text-editor\" data-id=\"6a71806\" data-element_type=\"widget\" data-e-type=\"widget\" data-widget_type=\"text-editor.default\">\n\t\t\t\t<div class=\"elementor-widget-container\">\n\t\t\t\t\t\t\t\t\t<ol><li>Goods of unsuitable quality are returned and exchanged in accordance with the 2001 June 29 Order of the Minister of Economy of the Republic of Lithuania no. 217 of the new wording &quot;On the approval of the rules for returning and exchanging items&quot; (approved on March 15, 2012 No. 4-243) and Order of the Minister of Economy of the Republic of Lithuania No. 258 &quot;On the approval of the rules for the sale of goods and the provision of services when contracts are concluded using means of communication&quot;, the new version (approved on December 23, 2011 No. 4-959) provided for the procedure.<\/li><li>In order to return the item(s) based on Clause 1 of the Rules, the Buyer must inform the Seller by e-mail. by means of communication specified in the store&#039;s contact section, indicating the name of the returned product, the order number and the reasons for the return.<\/li><li>When returning goods of inappropriate quality to the buyer, it is necessary to comply with the following conditions:<ol><li>the returned item must be in its original, neat packaging;<\/li><li>the product must be undamaged by the Buyer;<\/li><li>the item must be unused, without losing its merchandise appearance (label intact, protective film not torn off, etc.) (this clause does not apply in the case of returning a defective item);<\/li><li>the returned product must be in the same configuration as the Buyer received it;<\/li><li>when returning the product, it is necessary to present the document of its purchase.<\/li><li>the buyer can return a defective product within 14 days of receiving it.<\/li><\/ol><\/li><li>The Seller has the right not to accept the goods returned by the Buyer, if the Buyer does not follow the procedure for returning the goods specified in point 3.<\/li><li>When returning the wrong product and\/or low-quality product, the Seller undertakes to take back such products and replace them with similar suitable products.<\/li><li>In the event that the Seller does not have goods suitable for replacement, the amount paid will be returned to the Buyer, excluding the cost of delivery, in the event that urgent delivery is ordered<\/li><li>If a delivery discount was applied to the Buyer or the Buyer did not pay for the delivery of the goods - then the actual delivery costs incurred by the Seller are deducted from the refunded amount, but not less than EUR 2.00 per parcel.<\/li><\/ol>\t\t\t\t\t\t\t\t<\/div>\n\t\t\t\t<\/div>\n\t\t\t\t\t<\/div>\n\t\t<\/div>\n\t\t\t\t\t<\/div>\n\t\t<\/section>\n\t\t\t\t<\/div>","protected":false},"excerpt":{"rendered":"<p>Gr\u0105\u017einimo s\u0105lygos Netinkamos kokyb\u0117s prek\u0117s gr\u0105\u017einamos ir kei\u010diamos vadovaujantis 2001 m. bir\u017eelio 29 d. Lietuvos Respublikos \u016akio ministro \u012fsakymo Nr. 217 \u201eD\u0117l daikt\u0173 gr\u0105\u017einimo ir keitimo taisykli\u0173 patvirtinimo\u201c naujos redakcijos [&hellip;]<\/p>\n","protected":false},"author":1,"featured_media":0,"parent":0,"menu_order":0,"comment_status":"closed","ping_status":"closed","template":"","meta":{"footnotes":""},"class_list":["post-655","page","type-page","status-publish","hentry"],"_links":{"self":[{"href":"https:\/\/altlife.lt\/en\/wp-json\/wp\/v2\/pages\/655","targetHints":{"allow":["GET"]}}],"collection":[{"href":"https:\/\/altlife.lt\/en\/wp-json\/wp\/v2\/pages"}],"about":[{"href":"https:\/\/altlife.lt\/en\/wp-json\/wp\/v2\/types\/page"}],"author":[{"embeddable":true,"href":"https:\/\/altlife.lt\/en\/wp-json\/wp\/v2\/users\/1"}],"replies":[{"embeddable":true,"href":"https:\/\/altlife.lt\/en\/wp-json\/wp\/v2\/comments?post=655"}],"version-history":[{"count":44,"href":"https:\/\/altlife.lt\/en\/wp-json\/wp\/v2\/pages\/655\/revisions"}],"predecessor-version":[{"id":1354,"href":"https:\/\/altlife.lt\/en\/wp-json\/wp\/v2\/pages\/655\/revisions\/1354"}],"wp:attachment":[{"href":"https:\/\/altlife.lt\/en\/wp-json\/wp\/v2\/media?parent=655"}],"curies":[{"name":"wp","href":"https:\/\/api.w.org\/{rel}","templated":true}]}}