{"id":651,"date":"2023-07-24T12:17:07","date_gmt":"2023-07-24T12:17:07","guid":{"rendered":"https:\/\/altlife.lt\/?page_id=651"},"modified":"2023-08-23T09:36:40","modified_gmt":"2023-08-23T09:36:40","slug":"pristatymas","status":"publish","type":"page","link":"https:\/\/altlife.lt\/en\/pristatymas\/","title":{"rendered":"Delivery"},"content":{"rendered":"<div data-elementor-type=\"wp-page\" data-elementor-id=\"651\" class=\"elementor elementor-651\">\n\t\t\t\t\t\t<section class=\"elementor-section elementor-top-section elementor-element elementor-element-8ad6585 elementor-section-boxed elementor-section-height-default elementor-section-height-default\" data-id=\"8ad6585\" data-element_type=\"section\" data-e-type=\"section\">\n\t\t\t\t\t\t<div class=\"elementor-container elementor-column-gap-default\">\n\t\t\t\t\t<div class=\"elementor-column elementor-col-100 elementor-top-column elementor-element elementor-element-dbe4c1c\" data-id=\"dbe4c1c\" data-element_type=\"column\" data-e-type=\"column\">\n\t\t\t<div class=\"elementor-widget-wrap elementor-element-populated\">\n\t\t\t\t\t\t<div class=\"elementor-element elementor-element-a50ed9e elementor-widget elementor-widget-heading\" data-id=\"a50ed9e\" data-element_type=\"widget\" data-e-type=\"widget\" data-settings=\"{&quot;_animation&quot;:&quot;none&quot;,&quot;_animation_delay&quot;:200}\" data-widget_type=\"heading.default\">\n\t\t\t\t<div class=\"elementor-widget-container\">\n\t\t\t\t\t<h2 class=\"elementor-heading-title elementor-size-default\">Delivery<\/h2>\t\t\t\t<\/div>\n\t\t\t\t<\/div>\n\t\t\t\t\t<\/div>\n\t\t<\/div>\n\t\t\t\t\t<\/div>\n\t\t<\/section>\n\t\t\t\t<section class=\"elementor-section elementor-top-section elementor-element elementor-element-3c656b8 elementor-section-boxed elementor-section-height-default elementor-section-height-default elementor-invisible\" data-id=\"3c656b8\" data-element_type=\"section\" data-e-type=\"section\" data-settings=\"{&quot;animation&quot;:&quot;fadeInUpShorter&quot;,&quot;animation_delay&quot;:600}\">\n\t\t\t\t\t\t<div class=\"elementor-container elementor-column-gap-wider\">\n\t\t\t\t\t<div class=\"elementor-column elementor-col-100 elementor-top-column elementor-element elementor-element-ca06495\" data-id=\"ca06495\" data-element_type=\"column\" data-e-type=\"column\">\n\t\t\t<div class=\"elementor-widget-wrap elementor-element-populated\">\n\t\t\t\t\t\t<div class=\"elementor-element elementor-element-23623ba elementor-widget elementor-widget-text-editor\" data-id=\"23623ba\" data-element_type=\"widget\" data-e-type=\"widget\" data-widget_type=\"text-editor.default\">\n\t\t\t\t<div class=\"elementor-widget-container\">\n\t\t\t\t\t\t\t\t\t<div dir=\"auto\">In the online store\u00a0<a href=\"http:\/\/altlife.lt\/en\/\" target=\"_blank\" rel=\"noopener noreferrer noreferrer noreferrer\" data-saferedirecturl=\"https:\/\/www.google.com\/url?q=http:\/\/altlife.lt&amp;source=gmail&amp;ust=1692695765466000&amp;usg=AOvVaw053Pk1On696j6kTHmH6pju\">altlife.lt<\/a>\u00a0you can order goods at any time of the day, any day of the week. When ordering goods, you can choose the one that is convenient for you<\/div><div dir=\"auto\">delivery method! We offer:<\/div><ul><li dir=\"auto\">Pickup at OMNIVA post machines \u20ac2.89<\/li><li dir=\"auto\">Pickup at LPEXPRESS post machines \u20ac2.89<\/li><\/ul><p>If you place your order on Monday, you will receive the product(s) within 3 days If you place your order on Thursday or Friday, it may take up to 7 days for the product(s) to be delivered.<\/p><ul><li style=\"list-style-type: none;\">\u00a0<\/li><\/ul>\t\t\t\t\t\t\t\t<\/div>\n\t\t\t\t<\/div>\n\t\t\t\t\t<\/div>\n\t\t<\/div>\n\t\t\t\t\t<\/div>\n\t\t<\/section>\n\t\t\t\t<\/div>","protected":false},"excerpt":{"rendered":"<p>Pristatymas Internetin\u0117je parduotuv\u0117je\u00a0altlife.lt\u00a0prekes galite u\u017esisakyti bet kuriuo paros metu, bet kuri\u0105 savait\u0117s dien\u0105. U\u017esakydami prekes, galite pasirinkti Jums patog\u0173preki\u0173 pristatymo b\u016bd\u0105! Mes si\u016blome: Atsi\u0117mimas OMNIVA pa\u0161tomatuose 2.89\u20ac Atsi\u0117mimas LPEXPRESS pa\u0161tomatuose [&hellip;]<\/p>\n","protected":false},"author":1,"featured_media":0,"parent":0,"menu_order":0,"comment_status":"closed","ping_status":"closed","template":"","meta":{"footnotes":""},"class_list":["post-651","page","type-page","status-publish","hentry"],"_links":{"self":[{"href":"https:\/\/altlife.lt\/en\/wp-json\/wp\/v2\/pages\/651","targetHints":{"allow":["GET"]}}],"collection":[{"href":"https:\/\/altlife.lt\/en\/wp-json\/wp\/v2\/pages"}],"about":[{"href":"https:\/\/altlife.lt\/en\/wp-json\/wp\/v2\/types\/page"}],"author":[{"embeddable":true,"href":"https:\/\/altlife.lt\/en\/wp-json\/wp\/v2\/users\/1"}],"replies":[{"embeddable":true,"href":"https:\/\/altlife.lt\/en\/wp-json\/wp\/v2\/comments?post=651"}],"version-history":[{"count":29,"href":"https:\/\/altlife.lt\/en\/wp-json\/wp\/v2\/pages\/651\/revisions"}],"predecessor-version":[{"id":1374,"href":"https:\/\/altlife.lt\/en\/wp-json\/wp\/v2\/pages\/651\/revisions\/1374"}],"wp:attachment":[{"href":"https:\/\/altlife.lt\/en\/wp-json\/wp\/v2\/media?parent=651"}],"curies":[{"name":"wp","href":"https:\/\/api.w.org\/{rel}","templated":true}]}}