{"id":3,"date":"2023-07-12T15:02:38","date_gmt":"2023-07-12T15:02:38","guid":{"rendered":"http:\/\/altlife.lt\/?page_id=3"},"modified":"2023-08-23T09:38:23","modified_gmt":"2023-08-23T09:38:23","slug":"privacy-policy","status":"publish","type":"page","link":"https:\/\/altlife.lt\/en\/privacy-policy\/","title":{"rendered":"Privacy policy"},"content":{"rendered":"<div data-elementor-type=\"wp-page\" data-elementor-id=\"3\" class=\"elementor elementor-3\">\n\t\t\t\t\t\t<section class=\"elementor-section elementor-top-section elementor-element elementor-element-d86a8e4 elementor-section-boxed elementor-section-height-default elementor-section-height-default\" data-id=\"d86a8e4\" data-element_type=\"section\" data-e-type=\"section\">\n\t\t\t\t\t\t<div class=\"elementor-container elementor-column-gap-default\">\n\t\t\t\t\t<div class=\"elementor-column elementor-col-100 elementor-top-column elementor-element elementor-element-b540ed3\" data-id=\"b540ed3\" data-element_type=\"column\" data-e-type=\"column\">\n\t\t\t<div class=\"elementor-widget-wrap elementor-element-populated\">\n\t\t\t\t\t\t<div class=\"elementor-element elementor-element-04aea2d elementor-widget elementor-widget-heading\" data-id=\"04aea2d\" data-element_type=\"widget\" data-e-type=\"widget\" data-settings=\"{&quot;_animation&quot;:&quot;none&quot;,&quot;_animation_delay&quot;:200}\" data-widget_type=\"heading.default\">\n\t\t\t\t<div class=\"elementor-widget-container\">\n\t\t\t\t\t<h2 class=\"elementor-heading-title elementor-size-default\">Privacy policy<\/h2>\t\t\t\t<\/div>\n\t\t\t\t<\/div>\n\t\t\t\t\t<\/div>\n\t\t<\/div>\n\t\t\t\t\t<\/div>\n\t\t<\/section>\n\t\t\t\t<section class=\"elementor-section elementor-top-section elementor-element elementor-element-c99994a elementor-section-boxed elementor-section-height-default elementor-section-height-default elementor-invisible\" data-id=\"c99994a\" data-element_type=\"section\" data-e-type=\"section\" data-settings=\"{&quot;animation&quot;:&quot;fadeInUpShorter&quot;,&quot;animation_delay&quot;:600}\">\n\t\t\t\t\t\t<div class=\"elementor-container elementor-column-gap-wider\">\n\t\t\t\t\t<div class=\"elementor-column elementor-col-100 elementor-top-column elementor-element elementor-element-bfc927d\" data-id=\"bfc927d\" data-element_type=\"column\" data-e-type=\"column\">\n\t\t\t<div class=\"elementor-widget-wrap elementor-element-populated\">\n\t\t\t\t\t\t<div class=\"elementor-element elementor-element-f965081 elementor-widget elementor-widget-heading\" data-id=\"f965081\" data-element_type=\"widget\" data-e-type=\"widget\" data-widget_type=\"heading.default\">\n\t\t\t\t<div class=\"elementor-widget-container\">\n\t\t\t\t\t<h2 class=\"elementor-heading-title elementor-size-default\">Introduction<\/h2>\t\t\t\t<\/div>\n\t\t\t\t<\/div>\n\t\t\t\t<div class=\"elementor-element elementor-element-9bf2cbe elementor-widget elementor-widget-text-editor\" data-id=\"9bf2cbe\" data-element_type=\"widget\" data-e-type=\"widget\" data-widget_type=\"text-editor.default\">\n\t\t\t\t<div class=\"elementor-widget-container\">\n\t\t\t\t\t\t\t\t\t<div dir=\"auto\">ALT LIFE pnline store (hereinafter the Data Controller), which is located at https:\/\/altlife.lt\/, operating under Individual activity, IV certificate no.: 1274423.<br \/>Contact details of the data controller: phone no. <a href=\"tel:37064943304\">+37064943304<\/a> and e-mail \u00a0<a href=\"mailto:info@altlife.lt\">info@altlife.lt<\/a>.<br \/><br \/><\/div>\n<div dir=\"auto\">\n<p>This privacy policy document describes the types of information collected and recorded by the Data Controller and how it is used. This privacy policy applies only to the operation of the online store and applies to website visitors as far as the information they share and\/or collected by the Data Controller is concerned. Does not apply to any information collected off-line or through channels other than this website.<\/p>\n<p>If you have additional questions or would like to receive more information about the privacy policy of https:\/\/altlife.lt\/, please do not hesitate to contact us by e-mail: info@altlife.lt.<\/p>\n<\/div>\t\t\t\t\t\t\t\t<\/div>\n\t\t\t\t<\/div>\n\t\t\t\t<div class=\"elementor-element elementor-element-deb3fb0 elementor-widget elementor-widget-heading\" data-id=\"deb3fb0\" data-element_type=\"widget\" data-e-type=\"widget\" data-widget_type=\"heading.default\">\n\t\t\t\t<div class=\"elementor-widget-container\">\n\t\t\t\t\t<h2 class=\"elementor-heading-title elementor-size-default\">Consent<\/h2>\t\t\t\t<\/div>\n\t\t\t\t<\/div>\n\t\t\t\t<div class=\"elementor-element elementor-element-6913c2d elementor-widget elementor-widget-text-editor\" data-id=\"6913c2d\" data-element_type=\"widget\" data-e-type=\"widget\" data-widget_type=\"text-editor.default\">\n\t\t\t\t<div class=\"elementor-widget-container\">\n\t\t\t\t\t\t\t\t\t<div dir=\"auto\">\n<p>By using the Data Controller&#039;s online store, you agree to the privacy policy and its terms.<\/p>\n<\/div>\t\t\t\t\t\t\t\t<\/div>\n\t\t\t\t<\/div>\n\t\t\t\t<div class=\"elementor-element elementor-element-89924ae elementor-widget elementor-widget-heading\" data-id=\"89924ae\" data-element_type=\"widget\" data-e-type=\"widget\" data-widget_type=\"heading.default\">\n\t\t\t\t<div class=\"elementor-widget-container\">\n\t\t\t\t\t<h2 class=\"elementor-heading-title elementor-size-default\">Collecting information<\/h2>\t\t\t\t<\/div>\n\t\t\t\t<\/div>\n\t\t\t\t<div class=\"elementor-element elementor-element-4a427dc elementor-widget elementor-widget-text-editor\" data-id=\"4a427dc\" data-element_type=\"widget\" data-e-type=\"widget\" data-widget_type=\"text-editor.default\">\n\t\t\t\t<div class=\"elementor-widget-container\">\n\t\t\t\t\t\t\t\t\t<div dir=\"auto\">\n<p>When you browse the Data Controller&#039;s online store, view products, send an inquiry or place an order, the following personal data is collected:<\/p>\n<ul>\n<li>Your name and\/or surname<\/li>\n<li>Email<\/li>\n<li>Telephone number<\/li>\n<li>Address<\/li>\n<li>IP address<\/li>\n<li>Cookies<\/li>\n<li>Browser<\/li>\n<li>Timeline<\/li>\n<\/ul>\n<\/div>\t\t\t\t\t\t\t\t<\/div>\n\t\t\t\t<\/div>\n\t\t\t\t<div class=\"elementor-element elementor-element-81225d8 elementor-widget elementor-widget-heading\" data-id=\"81225d8\" data-element_type=\"widget\" data-e-type=\"widget\" data-widget_type=\"heading.default\">\n\t\t\t\t<div class=\"elementor-widget-container\">\n\t\t\t\t\t<h2 class=\"elementor-heading-title elementor-size-default\">Why is personal data collected?<\/h2>\t\t\t\t<\/div>\n\t\t\t\t<\/div>\n\t\t\t\t<div class=\"elementor-element elementor-element-0760bde elementor-widget elementor-widget-text-editor\" data-id=\"0760bde\" data-element_type=\"widget\" data-e-type=\"widget\" data-widget_type=\"text-editor.default\">\n\t\t\t\t<div class=\"elementor-widget-container\">\n\t\t\t\t\t\t\t\t\t<p>The security of your personal data is extremely important, therefore the Data Controller collects only the most necessary data, without which it would not be possible to ensure the smooth operation of the website, the response to requests or the fulfillment of an order.<br \/>You have the choice not to provide us with your personal data, but in this case you will not be able to use most of the features provided by the website.<\/p>\t\t\t\t\t\t\t\t<\/div>\n\t\t\t\t<\/div>\n\t\t\t\t<div class=\"elementor-element elementor-element-eafeb5c elementor-widget elementor-widget-heading\" data-id=\"eafeb5c\" data-element_type=\"widget\" data-e-type=\"widget\" data-widget_type=\"heading.default\">\n\t\t\t\t<div class=\"elementor-widget-container\">\n\t\t\t\t\t<h2 class=\"elementor-heading-title elementor-size-default\">Data protection rights<\/h2>\t\t\t\t<\/div>\n\t\t\t\t<\/div>\n\t\t\t\t<div class=\"elementor-element elementor-element-8a28740 elementor-widget elementor-widget-text-editor\" data-id=\"8a28740\" data-element_type=\"widget\" data-e-type=\"widget\" data-widget_type=\"text-editor.default\">\n\t\t\t\t<div class=\"elementor-widget-container\">\n\t\t\t\t\t\t\t\t\t<p>If you are a European resident, you have various rights related to the protection of your personal data:<\/p>\n<ul>\n<li>The right to be informed<\/li>\n<li>The right to access your information that we process<\/li>\n<li>The right to correct inaccurate or incorrect information about you<\/li>\n<li>The right to delete all data about you.<\/li>\n<li>The right to restrict data processing<\/li>\n<li>The right to transfer all collected data about you to another controller<\/li>\n<li>The right to object to the processing of personal data<\/li>\n<li>Rights related to automatic data management.<\/li>\n<\/ul>\n<p>If you want more information or want the Data Controller to delete your personal data, please contact us using the contact information below. The data controller https:\/\/altlife.lt\/ manages the personal data of European residents in order to fulfill your orders or otherwise implement the goals listed at the beginning of the document. Your data may be transferred outside of Europe (for example, to Canada or the USA) if this is required for the accurate fulfillment of the order.<\/p>\t\t\t\t\t\t\t\t<\/div>\n\t\t\t\t<\/div>\n\t\t\t\t<div class=\"elementor-element elementor-element-098a43f elementor-widget elementor-widget-heading\" data-id=\"098a43f\" data-element_type=\"widget\" data-e-type=\"widget\" data-widget_type=\"heading.default\">\n\t\t\t\t<div class=\"elementor-widget-container\">\n\t\t\t\t\t<h2 class=\"elementor-heading-title elementor-size-default\">Data protection<\/h2>\t\t\t\t<\/div>\n\t\t\t\t<\/div>\n\t\t\t\t<div class=\"elementor-element elementor-element-12c28bb elementor-widget elementor-widget-text-editor\" data-id=\"12c28bb\" data-element_type=\"widget\" data-e-type=\"widget\" data-widget_type=\"text-editor.default\">\n\t\t\t\t<div class=\"elementor-widget-container\">\n\t\t\t\t\t\t\t\t\t<p>To protect your personal data, the Data Controller uses a high-quality server that can only be accessed by authorized persons. Also, only reliable and secure payment systems are used. The data controller and\/or authorized persons constantly check the server and the systems used, whether there are any vulnerable areas or cyber attacks during which your personal data could be affected. Nevertheless, the Data Controller cannot guarantee the absolute security of your personal data.<\/p>\t\t\t\t\t\t\t\t<\/div>\n\t\t\t\t<\/div>\n\t\t\t\t<div class=\"elementor-element elementor-element-36f7f82 elementor-widget elementor-widget-heading\" data-id=\"36f7f82\" data-element_type=\"widget\" data-e-type=\"widget\" data-widget_type=\"heading.default\">\n\t\t\t\t<div class=\"elementor-widget-container\">\n\t\t\t\t\t<h2 class=\"elementor-heading-title elementor-size-default\">Disclosure of data<\/h2>\t\t\t\t<\/div>\n\t\t\t\t<\/div>\n\t\t\t\t<div class=\"elementor-element elementor-element-d6ea6c6 elementor-widget elementor-widget-text-editor\" data-id=\"d6ea6c6\" data-element_type=\"widget\" data-e-type=\"widget\" data-widget_type=\"text-editor.default\">\n\t\t\t\t<div class=\"elementor-widget-container\">\n\t\t\t\t\t\t\t\t\t<p>In accordance with the procedure provided by law, the Data Controller reserves the right to disclose your personal data for the following purposes:<\/p>\n<ul>\n<li>If you need to defend your rights<\/li>\n<li>Investigate cybercrime<\/li>\n<li>Respond to the request of the highest institutions of the Republic of Lithuania to disclose your data<\/li>\n<\/ul>\n<p>In no other cases may the Data Controller disclose your personal data.<\/p>\t\t\t\t\t\t\t\t<\/div>\n\t\t\t\t<\/div>\n\t\t\t\t<div class=\"elementor-element elementor-element-8eba96a elementor-widget elementor-widget-heading\" data-id=\"8eba96a\" data-element_type=\"widget\" data-e-type=\"widget\" data-widget_type=\"heading.default\">\n\t\t\t\t<div class=\"elementor-widget-container\">\n\t\t\t\t\t<h2 class=\"elementor-heading-title elementor-size-default\">Final Provisions <\/h2>\t\t\t\t<\/div>\n\t\t\t\t<\/div>\n\t\t\t\t<div class=\"elementor-element elementor-element-bee3f64 elementor-widget elementor-widget-text-editor\" data-id=\"bee3f64\" data-element_type=\"widget\" data-e-type=\"widget\" data-widget_type=\"text-editor.default\">\n\t\t\t\t<div class=\"elementor-widget-container\">\n\t\t\t\t\t\t\t\t\t<p>The privacy policy was created based on the laws and legal acts of the Republic of Lithuania regulating the protection of personal data. If you have any questions about this Privacy Policy, please contact us by e-mail <a href=\"mailto:info@altlife.lt\">info@altlife.lt<\/a> or by phone <a href=\"tel:+37064943304\">+37064943304<\/a>.<\/p>\t\t\t\t\t\t\t\t<\/div>\n\t\t\t\t<\/div>\n\t\t\t\t\t<\/div>\n\t\t<\/div>\n\t\t\t\t\t<\/div>\n\t\t<\/section>\n\t\t\t\t<\/div>","protected":false},"excerpt":{"rendered":"<p>Privatumo politika \u012e\u017eanga ALT LIFE el. parduotuv\u0117 (toliau Duomen\u0173 valdytojas), kuri yra adresu https:\/\/altlife.lt\/, veikianti pagal Individuali\u0105 veikl\u0105, IV pa\u017eymos nr.: 1274423. Duomen\u0173 valdytojo kontaktiniai duomenys: tel.nr. +37064943304 ir el.pa\u0161tas [&hellip;]<\/p>\n","protected":false},"author":1,"featured_media":0,"parent":0,"menu_order":0,"comment_status":"closed","ping_status":"closed","template":"","meta":{"footnotes":""},"class_list":["post-3","page","type-page","status-publish","hentry"],"_links":{"self":[{"href":"https:\/\/altlife.lt\/en\/wp-json\/wp\/v2\/pages\/3","targetHints":{"allow":["GET"]}}],"collection":[{"href":"https:\/\/altlife.lt\/en\/wp-json\/wp\/v2\/pages"}],"about":[{"href":"https:\/\/altlife.lt\/en\/wp-json\/wp\/v2\/types\/page"}],"author":[{"embeddable":true,"href":"https:\/\/altlife.lt\/en\/wp-json\/wp\/v2\/users\/1"}],"replies":[{"embeddable":true,"href":"https:\/\/altlife.lt\/en\/wp-json\/wp\/v2\/comments?post=3"}],"version-history":[{"count":49,"href":"https:\/\/altlife.lt\/en\/wp-json\/wp\/v2\/pages\/3\/revisions"}],"predecessor-version":[{"id":1375,"href":"https:\/\/altlife.lt\/en\/wp-json\/wp\/v2\/pages\/3\/revisions\/1375"}],"wp:attachment":[{"href":"https:\/\/altlife.lt\/en\/wp-json\/wp\/v2\/media?parent=3"}],"curies":[{"name":"wp","href":"https:\/\/api.w.org\/{rel}","templated":true}]}}